{"id":74,"date":"2021-07-02T19:52:27","date_gmt":"2021-07-02T17:52:27","guid":{"rendered":"https:\/\/www.tnt-bike.it\/tbl\/?page_id=74"},"modified":"2021-07-27T12:13:22","modified_gmt":"2021-07-27T10:13:22","slug":"tour-2021","status":"publish","type":"page","link":"https:\/\/www.ori.tnt-asd.it\/index.php\/tour-2021\/","title":{"rendered":"Tour 2021"},"content":{"rendered":"\n<ul class=\"wp-block-list\"><li><strong>Date<\/strong>: dal 3 al 5 settembre 2021<\/li><li><strong>Partenza<\/strong>: Terracina<\/li><li><strong>Percorsi<\/strong>: uno tra i tre descritti nella pagina <a href=\"https:\/\/www.tnt-bike.it\/tbl\/index.php\/i-percorsi\/\" data-type=\"page\" data-id=\"60\">I Percorsi<\/a><\/li><li><strong>Arrivo<\/strong>:  Terracina<\/li><\/ul>\n\n\n\n<p>Il luogo preciso della partenza e dell&#8217;arrivo verr\u00e0 comunicato appena possibile.<\/p>\n\n\n\n<h2 class=\"wp-block-heading\">Per partecipare<\/h2>\n\n\n\n<ul class=\"wp-block-list\"><li>Compilare il modulo <a rel=\"noreferrer noopener\" href=\"https:\/\/docs.google.com\/forms\/d\/e\/1FAIpQLSfDpbUCbEOCtW6n0XEI5PHxVAUTE5MFQbV1L3HokylCLGjcLw\/viewform?usp=sf_link\" target=\"_blank\">di iscrizione<\/a> allegando una copia del certificato medico per l&#8217;idoneit\u00e0 alla pratica sportiva (\u00e8 richiesto un account <strong>Google<\/strong>).<\/li><li>Donare una somma di almeno 15 euro al progetto <a rel=\"noreferrer noopener\" href=\"https:\/\/www.trailforks.com\/region\/terracina-network-trails\/karma\/?did=11920&amp;currency=EUR\" target=\"_blank\">Trail Karma for Terracina<\/a> (richiede account <strong>Trailforks<\/strong> e conto <strong>Paypal<\/strong>). In alternativa si pu\u00f2 donare con bonifico bancario, in questo caso <a href=\"https:\/\/www.tnt-bike.it\/tbl\/index.php\/contattaci\/\" data-type=\"page\" data-id=\"269\">scriveteci<\/a> per avere istruzioni in merito.<\/li><\/ul>\n\n\n\n<h2 class=\"wp-block-heading\">Per essere finisher<\/h2>\n\n\n\n<ul class=\"wp-block-list\"><li>Essere in regola con l&#8217;iscrizione e la donazione.<\/li><li>Aver completato uno dei tre percorsi. Far\u00e0 fede la traccia gps che consegnerete secondo le modalit\u00e0 che vi verranno indicate quanto prima.<\/li><li>\u00c8 consentito abbandonare la traccia purch\u00e9 venga ripresa dallo stesso punto o nelle immediate vicinanze; in questo modo sar\u00e0 possibile visitare luoghi interessanti non attraversati dalla traccia. <\/li><li>Il cicloviaggiatore pu\u00f2 decidere tagli o modifiche della traccia per motivi di sicurezza; le ragioni della modifica del percorso verranno presi in considerazione ai fini della validazione.<\/li><\/ul>\n\n\n\n<p>Il finisher ricever\u00e0 la t-shirt del TBL-2021 in edizione limitata.<\/p>\n","protected":false},"excerpt":{"rendered":"<p>Date: dal 3 al 5 settembre 2021 Partenza: Terracina Percorsi: uno tra i tre descritti nella pagina I Percorsi Arrivo: Terracina Il luogo preciso della partenza e dell&#8217;arrivo verr\u00e0 comunicato appena possibile. Per partecipare Compilare il modulo di iscrizione allegando una copia del certificato medico per l&#8217;idoneit\u00e0 alla pratica sportiva (\u00e8 richiesto un account Google). [&hellip;]<\/p>\n","protected":false},"author":1,"featured_media":0,"parent":0,"menu_order":0,"comment_status":"closed","ping_status":"closed","template":"","meta":{"footnotes":""},"class_list":["post-74","page","type-page","status-publish","hentry"],"_links":{"self":[{"href":"https:\/\/www.ori.tnt-asd.it\/index.php\/wp-json\/wp\/v2\/pages\/74","targetHints":{"allow":["GET"]}}],"collection":[{"href":"https:\/\/www.ori.tnt-asd.it\/index.php\/wp-json\/wp\/v2\/pages"}],"about":[{"href":"https:\/\/www.ori.tnt-asd.it\/index.php\/wp-json\/wp\/v2\/types\/page"}],"author":[{"embeddable":true,"href":"https:\/\/www.ori.tnt-asd.it\/index.php\/wp-json\/wp\/v2\/users\/1"}],"replies":[{"embeddable":true,"href":"https:\/\/www.ori.tnt-asd.it\/index.php\/wp-json\/wp\/v2\/comments?post=74"}],"version-history":[{"count":9,"href":"https:\/\/www.ori.tnt-asd.it\/index.php\/wp-json\/wp\/v2\/pages\/74\/revisions"}],"predecessor-version":[{"id":275,"href":"https:\/\/www.ori.tnt-asd.it\/index.php\/wp-json\/wp\/v2\/pages\/74\/revisions\/275"}],"wp:attachment":[{"href":"https:\/\/www.ori.tnt-asd.it\/index.php\/wp-json\/wp\/v2\/media?parent=74"}],"curies":[{"name":"wp","href":"https:\/\/api.w.org\/{rel}","templated":true}]}}